{"id":181,"date":"2021-12-05T14:24:05","date_gmt":"2021-12-05T13:24:05","guid":{"rendered":"https:\/\/www.ergo-hypno.ch\/?page_id=181"},"modified":"2021-12-28T10:04:20","modified_gmt":"2021-12-28T09:04:20","slug":"jj","status":"publish","type":"page","link":"https:\/\/www.ergo-hypno.ch\/?page_id=181","title":{"rendered":"Documents"},"content":{"rendered":"\n<p><a href=\"https:\/\/www.ergotherapie.ch\/download.php?cat=6JLvL2DYoAPKasSNvUf3Dw%3D%3D&amp;id=712\">Ordonnance d&rsquo;ergoth\u00e9rapie<\/a><\/p>\n\n\n\n<p><\/p>\n\n\n\n<p><a href=\"https:\/\/www.ergo-hypno.ch\/wp-content\/uploads\/2021\/12\/Schema-releve-du-sol.jpeg\">Sch\u00e9ma relev\u00e9 du sol<\/a><\/p>\n\n\n\n<p><\/p>\n\n\n\n<p><a href=\"https:\/\/www.ergo-hypno.ch\/wp-content\/uploads\/2021\/12\/feuille_MATH_10mm_1colonnes_blanc.pdf\">Fiche math en colonne<\/a><\/p>\n\n\n\n<p><a href=\"https:\/\/www.ergo-hypno.ch\/wp-content\/uploads\/2021\/12\/feuille_MATH_10mm_10lignes_2colonnes.pdf\">Fiche math en colonne<\/a><\/p>\n\n\n\n<p><a href=\"https:\/\/www.ergo-hypno.ch\/wp-content\/uploads\/2021\/12\/planning_bleu_neutre.pdf\">Canevas planning semaine<\/a><\/p>\n","protected":false},"excerpt":{"rendered":"<p>Ordonnance d&rsquo;ergoth\u00e9rapie Sch\u00e9ma relev\u00e9 du sol Fiche math en colonne Fiche math en colonne Canevas planning semaine<\/p>\n","protected":false},"author":1,"featured_media":0,"parent":0,"menu_order":0,"comment_status":"closed","ping_status":"closed","template":"","meta":{"footnotes":""},"class_list":["post-181","page","type-page","status-publish","hentry","entry"],"_links":{"self":[{"href":"https:\/\/www.ergo-hypno.ch\/index.php?rest_route=\/wp\/v2\/pages\/181","targetHints":{"allow":["GET"]}}],"collection":[{"href":"https:\/\/www.ergo-hypno.ch\/index.php?rest_route=\/wp\/v2\/pages"}],"about":[{"href":"https:\/\/www.ergo-hypno.ch\/index.php?rest_route=\/wp\/v2\/types\/page"}],"author":[{"embeddable":true,"href":"https:\/\/www.ergo-hypno.ch\/index.php?rest_route=\/wp\/v2\/users\/1"}],"replies":[{"embeddable":true,"href":"https:\/\/www.ergo-hypno.ch\/index.php?rest_route=%2Fwp%2Fv2%2Fcomments&post=181"}],"version-history":[{"count":12,"href":"https:\/\/www.ergo-hypno.ch\/index.php?rest_route=\/wp\/v2\/pages\/181\/revisions"}],"predecessor-version":[{"id":306,"href":"https:\/\/www.ergo-hypno.ch\/index.php?rest_route=\/wp\/v2\/pages\/181\/revisions\/306"}],"wp:attachment":[{"href":"https:\/\/www.ergo-hypno.ch\/index.php?rest_route=%2Fwp%2Fv2%2Fmedia&parent=181"}],"curies":[{"name":"wp","href":"https:\/\/api.w.org\/{rel}","templated":true}]}}