{"id":33,"date":"2021-11-17T17:26:55","date_gmt":"2021-11-17T16:26:55","guid":{"rendered":"https:\/\/www.ergo-hypno.ch\/?page_id=33"},"modified":"2021-12-28T10:05:37","modified_gmt":"2021-12-28T09:05:37","slug":"ergotherapie","status":"publish","type":"page","link":"https:\/\/www.ergo-hypno.ch\/?page_id=33","title":{"rendered":"Ergoth\u00e9rapie"},"content":{"rendered":"\n<p>D\u00e9finition de l\u2019ergoth\u00e9rapie par l\u2019Association Suisse des Ergoth\u00e9rapeutes (Site de l&rsquo;ASE, consult\u00e9 le 10.8.2020) <a href=\"https:\/\/www.ergotherapie.ch\/association\">https:\/\/www.ergotherapie.ch\/association<\/a><\/p>\n\n\n\n<p>\u00abL\u2019ergoth\u00e9rapie est une profession centr\u00e9e sur le d\u00e9veloppement et le maintien de la capacit\u00e9 d\u2019agir des personnes. Elle contribue \u00e0 l\u2019am\u00e9lioration de la sant\u00e9 et de la qualit\u00e9 de la vie. Elle facilite la participation \u00e0 la soci\u00e9t\u00e9 en permettant de r\u00e9aliser les activit\u00e9s quotidiennes\u00bb.&nbsp;<\/p>\n\n\n\n<p>L\u2019ergoth\u00e9rapie est bas\u00e9e sur le Mod\u00e8le de l\u2019Occupation Humaine MOH, qui s\u2019int\u00e9resse \u00e0 la nature occupationnelle de l\u2019\u00eatre humain car elle donne un sens \u00e0 sa vie et lui permet de s\u2019adapter aux exigences de la vie en soci\u00e9t\u00e9.&nbsp;<\/p>\n\n\n\n<p>La promotion de l\u2019activit\u00e9 permet le maintien de la sant\u00e9 et contribue \u00e0 redonner un sentiment de contr\u00f4le sur la vie.<\/p>\n\n\n\n<p>(Kielhofner, Burke et Heard 1980)<\/p>\n\n\n\n<p>\u00ab\u00a0Le mod\u00e8le de l\u2019occupation humaine int\u00e8gre une s\u00e9rie de concepts en lien avec la motivation, l\u2019organisation et le rendement de la personne dans la r\u00e9alisation de ses occupations, en interaction avec son environnement.\u00bb (Kielhofner 2004)<\/p>\n\n\n\n<p><em>L<\/em>\u2019<em>ergoth\u00e9rapeute intervient uniquement sur ordonnance m\u00e9dicale sign\u00e9e par le m\u00e9decin traitant. Les prestations ergoth\u00e9rapeutiques sont prises en charge par l\u2019assurance de base.\u00a0<\/em><\/p>\n","protected":false},"excerpt":{"rendered":"<p>D\u00e9finition de l\u2019ergoth\u00e9rapie par l\u2019Association Suisse des Ergoth\u00e9rapeutes (Site de l&rsquo;ASE, consult\u00e9 le 10.8.2020) https:\/\/www.ergotherapie.ch\/association \u00abL\u2019ergoth\u00e9rapie est une profession centr\u00e9e sur le d\u00e9veloppement et le maintien de la capacit\u00e9 d\u2019agir des personnes. Elle contribue \u00e0 l\u2019am\u00e9lioration de la sant\u00e9 et de la qualit\u00e9 de la vie. Elle facilite la participation \u00e0 la soci\u00e9t\u00e9 en permettant&hellip; <a class=\"more-link\" href=\"https:\/\/www.ergo-hypno.ch\/?page_id=33\">Poursuivre la lecture <span class=\"screen-reader-text\">Ergoth\u00e9rapie<\/span><\/a><\/p>\n","protected":false},"author":1,"featured_media":0,"parent":0,"menu_order":0,"comment_status":"closed","ping_status":"closed","template":"","meta":{"footnotes":""},"class_list":["post-33","page","type-page","status-publish","hentry","entry"],"_links":{"self":[{"href":"https:\/\/www.ergo-hypno.ch\/index.php?rest_route=\/wp\/v2\/pages\/33","targetHints":{"allow":["GET"]}}],"collection":[{"href":"https:\/\/www.ergo-hypno.ch\/index.php?rest_route=\/wp\/v2\/pages"}],"about":[{"href":"https:\/\/www.ergo-hypno.ch\/index.php?rest_route=\/wp\/v2\/types\/page"}],"author":[{"embeddable":true,"href":"https:\/\/www.ergo-hypno.ch\/index.php?rest_route=\/wp\/v2\/users\/1"}],"replies":[{"embeddable":true,"href":"https:\/\/www.ergo-hypno.ch\/index.php?rest_route=%2Fwp%2Fv2%2Fcomments&post=33"}],"version-history":[{"count":10,"href":"https:\/\/www.ergo-hypno.ch\/index.php?rest_route=\/wp\/v2\/pages\/33\/revisions"}],"predecessor-version":[{"id":308,"href":"https:\/\/www.ergo-hypno.ch\/index.php?rest_route=\/wp\/v2\/pages\/33\/revisions\/308"}],"wp:attachment":[{"href":"https:\/\/www.ergo-hypno.ch\/index.php?rest_route=%2Fwp%2Fv2%2Fmedia&parent=33"}],"curies":[{"name":"wp","href":"https:\/\/api.w.org\/{rel}","templated":true}]}}